{"id":1641,"date":"2021-01-07T12:55:40","date_gmt":"2021-01-07T12:55:40","guid":{"rendered":"http:\/\/www.brulabo.irisnet.be\/?page_id=1641"},"modified":"2023-11-08T10:51:02","modified_gmt":"2023-11-08T10:51:02","slug":"transparence","status":"publish","type":"page","link":"https:\/\/www.brulabo.irisnet.be\/?page_id=1641","title":{"rendered":"Transparence"},"content":{"rendered":"\n<p>(selon D\u00e9cret et ordonnance conjoints de la R\u00e9gion de Bruxelles-Capitale, la Commission communautaire commune et la Commission communautaire fran\u00e7aise relatifs \u00e0 la publicit\u00e9 de l&rsquo;administration dans les institutions bruxelloises du 16 mai 2019).<\/p>\n\n\n\n<p><\/p>\n\n\n<div class=\"wp-block-post-date__modified-date wp-block-post-date\"><time datetime=\"2023-11-08T10:51:02+00:00\">08\/11\/2023<\/time><\/div>","protected":false},"excerpt":{"rendered":"<p>(selon D\u00e9cret et ordonnance conjoints de la R\u00e9gion de Bruxelles-Capitale, la Commission communautaire commune et la Commission communautaire fran\u00e7aise relatifs \u00e0 la publicit\u00e9 de l&rsquo;administration dans les institutions bruxelloises du 16 mai 2019).<\/p>\n","protected":false},"author":1,"featured_media":0,"parent":0,"menu_order":8,"comment_status":"closed","ping_status":"closed","template":"","meta":{"footnotes":""},"class_list":["post-1641","page","type-page","status-publish","hentry"],"_links":{"self":[{"href":"https:\/\/www.brulabo.irisnet.be\/index.php?rest_route=\/wp\/v2\/pages\/1641","targetHints":{"allow":["GET"]}}],"collection":[{"href":"https:\/\/www.brulabo.irisnet.be\/index.php?rest_route=\/wp\/v2\/pages"}],"about":[{"href":"https:\/\/www.brulabo.irisnet.be\/index.php?rest_route=\/wp\/v2\/types\/page"}],"author":[{"embeddable":true,"href":"https:\/\/www.brulabo.irisnet.be\/index.php?rest_route=\/wp\/v2\/users\/1"}],"replies":[{"embeddable":true,"href":"https:\/\/www.brulabo.irisnet.be\/index.php?rest_route=%2Fwp%2Fv2%2Fcomments&post=1641"}],"version-history":[{"count":5,"href":"https:\/\/www.brulabo.irisnet.be\/index.php?rest_route=\/wp\/v2\/pages\/1641\/revisions"}],"predecessor-version":[{"id":2268,"href":"https:\/\/www.brulabo.irisnet.be\/index.php?rest_route=\/wp\/v2\/pages\/1641\/revisions\/2268"}],"wp:attachment":[{"href":"https:\/\/www.brulabo.irisnet.be\/index.php?rest_route=%2Fwp%2Fv2%2Fmedia&parent=1641"}],"curies":[{"name":"wp","href":"https:\/\/api.w.org\/{rel}","templated":true}]}}