{"id":1651,"date":"2021-01-26T08:34:55","date_gmt":"2021-01-26T08:34:55","guid":{"rendered":"http:\/\/www.brulabo.irisnet.be\/?page_id=1651"},"modified":"2025-07-01T10:00:44","modified_gmt":"2025-07-01T10:00:44","slug":"2-inventaire-des-subventions-accordees-par-brulabo","status":"publish","type":"page","link":"https:\/\/www.brulabo.irisnet.be\/?page_id=1651","title":{"rendered":"2\u00b0 Inventaire des subventions accord\u00e9es par Brulabo"},"content":{"rendered":"\n<figure class=\"wp-block-table is-style-stripes\"><table><tbody><tr><td>Ann\u00e9e<\/td><td>B\u00e9n\u00e9ficiaire<\/td><td>Objet de la subvention<\/td><td>Montant de la subvention<\/td><\/tr><tr><td>2024<\/td><td>N\u00e9ant<\/td><td>&nbsp;<\/td><td>&nbsp;<\/td><\/tr><\/tbody><\/table><\/figure>\n\n\n<div class=\"wp-block-post-date__modified-date wp-block-post-date\"><time datetime=\"2025-07-01T10:00:44+00:00\">01\/07\/2025<\/time><\/div>\n\n\n<p><\/p>\n","protected":false},"excerpt":{"rendered":"<p>Ann\u00e9e B\u00e9n\u00e9ficiaire Objet de la subvention Montant de la subvention 2024 N\u00e9ant &nbsp; &nbsp;<\/p>\n","protected":false},"author":3,"featured_media":0,"parent":1641,"menu_order":0,"comment_status":"closed","ping_status":"closed","template":"","meta":{"footnotes":""},"class_list":["post-1651","page","type-page","status-publish","hentry"],"_links":{"self":[{"href":"https:\/\/www.brulabo.irisnet.be\/index.php?rest_route=\/wp\/v2\/pages\/1651","targetHints":{"allow":["GET"]}}],"collection":[{"href":"https:\/\/www.brulabo.irisnet.be\/index.php?rest_route=\/wp\/v2\/pages"}],"about":[{"href":"https:\/\/www.brulabo.irisnet.be\/index.php?rest_route=\/wp\/v2\/types\/page"}],"author":[{"embeddable":true,"href":"https:\/\/www.brulabo.irisnet.be\/index.php?rest_route=\/wp\/v2\/users\/3"}],"replies":[{"embeddable":true,"href":"https:\/\/www.brulabo.irisnet.be\/index.php?rest_route=%2Fwp%2Fv2%2Fcomments&post=1651"}],"version-history":[{"count":5,"href":"https:\/\/www.brulabo.irisnet.be\/index.php?rest_route=\/wp\/v2\/pages\/1651\/revisions"}],"predecessor-version":[{"id":2418,"href":"https:\/\/www.brulabo.irisnet.be\/index.php?rest_route=\/wp\/v2\/pages\/1651\/revisions\/2418"}],"up":[{"embeddable":true,"href":"https:\/\/www.brulabo.irisnet.be\/index.php?rest_route=\/wp\/v2\/pages\/1641"}],"wp:attachment":[{"href":"https:\/\/www.brulabo.irisnet.be\/index.php?rest_route=%2Fwp%2Fv2%2Fmedia&parent=1651"}],"curies":[{"name":"wp","href":"https:\/\/api.w.org\/{rel}","templated":true}]}}