{"id":1653,"date":"2021-01-26T08:35:15","date_gmt":"2021-01-26T08:35:15","guid":{"rendered":"http:\/\/www.brulabo.irisnet.be\/?page_id=1653"},"modified":"2025-07-01T10:02:19","modified_gmt":"2025-07-01T10:02:19","slug":"3-inventaire-des-etudes-realisees-pour-le-compte-de-brulabo","status":"publish","type":"page","link":"https:\/\/www.brulabo.irisnet.be\/?page_id=1653","title":{"rendered":"3\u00b0 Inventaire des \u00e9tudes r\u00e9alis\u00e9es pour le compte de Brulabo"},"content":{"rendered":"\n<figure class=\"wp-block-table is-style-stripes\"><table><tbody><tr><td>Ann\u00e9e<\/td><td>Sujet de l\u2019\u00e9tude<\/td><td>Nom du prestaire<\/td><td>Co\u00fbt de l\u2019\u00e9tude<\/td><\/tr><tr><td>2024<\/td><td>N\u00e9ant<\/td><td>&nbsp;<\/td><td>&nbsp;<\/td><\/tr><\/tbody><\/table><\/figure>\n\n\n<div class=\"wp-block-post-date__modified-date wp-block-post-date\"><time datetime=\"2025-07-01T10:02:19+00:00\">01\/07\/2025<\/time><\/div>","protected":false},"excerpt":{"rendered":"<p>Ann\u00e9e Sujet de l\u2019\u00e9tude Nom du prestaire Co\u00fbt de l\u2019\u00e9tude 2024 N\u00e9ant &nbsp; &nbsp;<\/p>\n","protected":false},"author":3,"featured_media":0,"parent":1641,"menu_order":0,"comment_status":"closed","ping_status":"closed","template":"","meta":{"footnotes":""},"class_list":["post-1653","page","type-page","status-publish","hentry"],"_links":{"self":[{"href":"https:\/\/www.brulabo.irisnet.be\/index.php?rest_route=\/wp\/v2\/pages\/1653","targetHints":{"allow":["GET"]}}],"collection":[{"href":"https:\/\/www.brulabo.irisnet.be\/index.php?rest_route=\/wp\/v2\/pages"}],"about":[{"href":"https:\/\/www.brulabo.irisnet.be\/index.php?rest_route=\/wp\/v2\/types\/page"}],"author":[{"embeddable":true,"href":"https:\/\/www.brulabo.irisnet.be\/index.php?rest_route=\/wp\/v2\/users\/3"}],"replies":[{"embeddable":true,"href":"https:\/\/www.brulabo.irisnet.be\/index.php?rest_route=%2Fwp%2Fv2%2Fcomments&post=1653"}],"version-history":[{"count":4,"href":"https:\/\/www.brulabo.irisnet.be\/index.php?rest_route=\/wp\/v2\/pages\/1653\/revisions"}],"predecessor-version":[{"id":2420,"href":"https:\/\/www.brulabo.irisnet.be\/index.php?rest_route=\/wp\/v2\/pages\/1653\/revisions\/2420"}],"up":[{"embeddable":true,"href":"https:\/\/www.brulabo.irisnet.be\/index.php?rest_route=\/wp\/v2\/pages\/1641"}],"wp:attachment":[{"href":"https:\/\/www.brulabo.irisnet.be\/index.php?rest_route=%2Fwp%2Fv2%2Fmedia&parent=1653"}],"curies":[{"name":"wp","href":"https:\/\/api.w.org\/{rel}","templated":true}]}}