{"id":1655,"date":"2021-01-26T08:35:40","date_gmt":"2021-01-26T08:35:40","guid":{"rendered":"http:\/\/www.brulabo.irisnet.be\/?page_id=1655"},"modified":"2025-07-01T13:21:50","modified_gmt":"2025-07-01T13:21:50","slug":"4-inventaire-des-marches-publics-de-brulabo","status":"publish","type":"page","link":"https:\/\/www.brulabo.irisnet.be\/?page_id=1655","title":{"rendered":"4\u00b0 Inventaire des march\u00e9s publics de Brulabo"},"content":{"rendered":"\n<figure class=\"wp-block-table is-style-stripes\"><table><tbody><tr><td><strong>Ann\u00e9e<\/strong><\/td><td class=\"has-text-align-center\" data-align=\"center\"><strong>Objet<\/strong><\/td><td class=\"has-text-align-center\" data-align=\"center\"><strong>Proc\u00e9dure<\/strong><\/td><td class=\"has-text-align-center\" data-align=\"center\"><strong>Adjudicataire<\/strong><\/td><td class=\"has-text-align-center\" data-align=\"center\"><strong>Montant engag\u00e9<\/strong><\/td><\/tr><tr><td>2024<\/td><td class=\"has-text-align-center\" data-align=\"center\">choix d\u2019un<br>gestionnaire de<br>projet qui<br>accessoirement et<br>en compl\u00e9ment<br>pourra pr\u00e9voir le<br>financement<br>n\u00e9cessaire pour<br>r\u00e9aliser<br>l\u2019acquisition et<br>l\u2019am\u00e9nagement du<br>nouveau site.<\/td><td class=\"has-text-align-center\" data-align=\"center\">Proc\u00e9dure ouverte<br>(publication E-procurement<br>001\/2024_pub01)<\/td><td class=\"has-text-align-center\" data-align=\"center\">BELFIUS<br>BANQUE<\/td><td class=\"has-text-align-center\" data-align=\"center\">Montant estim\u00e9 \u00e0<br>emprunter<br>Co\u00fbts d\u2019acquisition<br>et de<br>transformation brut<br>sans les<br>honoraires ni la<br>TVA :<br>2.750.000 \u20ac<br>Co\u00fbt de travaux,<br>dont partie achat<br>du b\u00e2timent :<br>1.400.000 \u20ac brut +<br>Honoraires et TVA<br>\u2013 subsides et<br>fonds propres<br>3.070.000 \u20ac<\/td><\/tr><\/tbody><\/table><\/figure>\n\n\n<div class=\"wp-block-post-date__modified-date wp-block-post-date\"><time datetime=\"2025-07-01T13:21:50+00:00\">01\/07\/2025<\/time><\/div>\n\n\n<p><\/p>\n","protected":false},"excerpt":{"rendered":"<p>Ann\u00e9e Objet Proc\u00e9dure Adjudicataire Montant engag\u00e9 2024 choix d\u2019ungestionnaire deprojet quiaccessoirement eten compl\u00e9mentpourra pr\u00e9voir lefinancementn\u00e9cessaire pourr\u00e9aliserl\u2019acquisition etl\u2019am\u00e9nagement dunouveau site. Proc\u00e9dure ouverte(publication E-procurement001\/2024_pub01) BELFIUSBANQUE Montant estim\u00e9 \u00e0emprunterCo\u00fbts d\u2019acquisitionet detransformation brutsans leshonoraires ni laTVA :2.750.000 \u20acCo\u00fbt de travaux,dont partie achatdu b\u00e2timent :1.400.000 \u20ac brut +Honoraires et TVA\u2013 subsides etfonds propres3.070.000 \u20ac<\/p>\n","protected":false},"author":3,"featured_media":0,"parent":1641,"menu_order":0,"comment_status":"closed","ping_status":"closed","template":"","meta":{"footnotes":""},"class_list":["post-1655","page","type-page","status-publish","hentry"],"_links":{"self":[{"href":"https:\/\/www.brulabo.irisnet.be\/index.php?rest_route=\/wp\/v2\/pages\/1655","targetHints":{"allow":["GET"]}}],"collection":[{"href":"https:\/\/www.brulabo.irisnet.be\/index.php?rest_route=\/wp\/v2\/pages"}],"about":[{"href":"https:\/\/www.brulabo.irisnet.be\/index.php?rest_route=\/wp\/v2\/types\/page"}],"author":[{"embeddable":true,"href":"https:\/\/www.brulabo.irisnet.be\/index.php?rest_route=\/wp\/v2\/users\/3"}],"replies":[{"embeddable":true,"href":"https:\/\/www.brulabo.irisnet.be\/index.php?rest_route=%2Fwp%2Fv2%2Fcomments&post=1655"}],"version-history":[{"count":9,"href":"https:\/\/www.brulabo.irisnet.be\/index.php?rest_route=\/wp\/v2\/pages\/1655\/revisions"}],"predecessor-version":[{"id":2423,"href":"https:\/\/www.brulabo.irisnet.be\/index.php?rest_route=\/wp\/v2\/pages\/1655\/revisions\/2423"}],"up":[{"embeddable":true,"href":"https:\/\/www.brulabo.irisnet.be\/index.php?rest_route=\/wp\/v2\/pages\/1641"}],"wp:attachment":[{"href":"https:\/\/www.brulabo.irisnet.be\/index.php?rest_route=%2Fwp%2Fv2%2Fmedia&parent=1655"}],"curies":[{"name":"wp","href":"https:\/\/api.w.org\/{rel}","templated":true}]}}