{"id":1669,"date":"2021-01-26T08:36:24","date_gmt":"2021-01-26T08:36:24","guid":{"rendered":"http:\/\/www.brulabo.irisnet.be\/?page_id=1669"},"modified":"2025-07-01T14:18:08","modified_gmt":"2025-07-01T14:18:08","slug":"6-organes-de-gestion","status":"publish","type":"page","link":"https:\/\/www.brulabo.irisnet.be\/?page_id=1669","title":{"rendered":"6\u00b0 Organes de gestion"},"content":{"rendered":"\n<p style=\"font-size:17px\"><strong>Organes directeurs &#8211; Composition au 31 d\u00e9cembre 2025<\/strong><\/p>\n\n\n\n<p>Conseil d&rsquo;administration<\/p>\n\n\n\n<p>Pr\u00e9sident : M. Rachid AZAOUM, conseiller communal de Bruxelles.<\/p>\n\n\n\n<p>Vice-pr\u00e9sident : M. Charles SIX, \u00e9chevin de Woluwe-Saint-Lambert.<\/p>\n\n\n\n<p>Membres :<\/p>\n\n\n\n<p>M. Didier FELIS, conseiller d\u2019Anderlecht<\/p>\n\n\n\n<p>Mme Alodie DE POORTER CAPILLON, conseill\u00e8re d\u2019Auderghem<\/p>\n\n\n\n<p>M. Andr\u00e9 DU BUS, \u00e9chevin d\u2019Etterbeek<\/p>\n\n\n\n<p>Mme Solange PITROIPA conseill\u00e8re communale d\u2019Ixelles<\/p>\n\n\n\n<p>Mme Rachida MEZIANE, conseill\u00e8re de Koekelberg<\/p>\n\n\n\n<p>Mme Yousra DOUHRI, conseill\u00e8re de Schaerbeek<\/p>\n\n\n\n<p>M. J\u00e9r\u00f4me TOUSSAINT, conseiller communal d\u2019Uccle<\/p>\n\n\n\n<p>Secr\u00e9taire RH&nbsp;: M. Tanguy BRAECKMAN, directeur adjoint \u00e0 la Ville de Bruxelles<\/p>\n\n\n\n<p>Commissaire<\/p>\n\n\n\n<p>M. Amaury STAS DE RICHELLE, commissaire-r\u00e9viseur<\/p>\n\n\n\n<p>Direction<\/p>\n\n\n\n<p>Directeur : M.  Jacques VIVEGNIS<\/p>\n\n\n<div class=\"wp-block-post-date__modified-date wp-block-post-date\"><time datetime=\"2025-07-01T14:18:08+00:00\">01\/07\/2025<\/time><\/div>","protected":false},"excerpt":{"rendered":"<p>Organes directeurs &#8211; Composition au 31 d\u00e9cembre 2025 Conseil d&rsquo;administration Pr\u00e9sident : M. Rachid AZAOUM, conseiller communal de Bruxelles. Vice-pr\u00e9sident : M. Charles SIX, \u00e9chevin de Woluwe-Saint-Lambert. Membres : M. Didier FELIS, conseiller d\u2019Anderlecht Mme Alodie DE POORTER CAPILLON, conseill\u00e8re d\u2019Auderghem M. Andr\u00e9 DU BUS, \u00e9chevin d\u2019Etterbeek Mme Solange PITROIPA conseill\u00e8re communale d\u2019Ixelles Mme Rachida [&hellip;]<\/p>\n","protected":false},"author":3,"featured_media":0,"parent":1641,"menu_order":0,"comment_status":"closed","ping_status":"closed","template":"","meta":{"footnotes":""},"class_list":["post-1669","page","type-page","status-publish","hentry"],"_links":{"self":[{"href":"https:\/\/www.brulabo.irisnet.be\/index.php?rest_route=\/wp\/v2\/pages\/1669","targetHints":{"allow":["GET"]}}],"collection":[{"href":"https:\/\/www.brulabo.irisnet.be\/index.php?rest_route=\/wp\/v2\/pages"}],"about":[{"href":"https:\/\/www.brulabo.irisnet.be\/index.php?rest_route=\/wp\/v2\/types\/page"}],"author":[{"embeddable":true,"href":"https:\/\/www.brulabo.irisnet.be\/index.php?rest_route=\/wp\/v2\/users\/3"}],"replies":[{"embeddable":true,"href":"https:\/\/www.brulabo.irisnet.be\/index.php?rest_route=%2Fwp%2Fv2%2Fcomments&post=1669"}],"version-history":[{"count":11,"href":"https:\/\/www.brulabo.irisnet.be\/index.php?rest_route=\/wp\/v2\/pages\/1669\/revisions"}],"predecessor-version":[{"id":2456,"href":"https:\/\/www.brulabo.irisnet.be\/index.php?rest_route=\/wp\/v2\/pages\/1669\/revisions\/2456"}],"up":[{"embeddable":true,"href":"https:\/\/www.brulabo.irisnet.be\/index.php?rest_route=\/wp\/v2\/pages\/1641"}],"wp:attachment":[{"href":"https:\/\/www.brulabo.irisnet.be\/index.php?rest_route=%2Fwp%2Fv2%2Fmedia&parent=1669"}],"curies":[{"name":"wp","href":"https:\/\/api.w.org\/{rel}","templated":true}]}}