{"id":2051,"date":"2023-01-13T08:35:54","date_gmt":"2023-01-13T08:35:54","guid":{"rendered":"http:\/\/www.brulabo.irisnet.be\/?page_id=2051"},"modified":"2023-11-08T09:08:11","modified_gmt":"2023-11-08T09:08:11","slug":"missions","status":"publish","type":"page","link":"https:\/\/www.brulabo.irisnet.be\/?page_id=2051","title":{"rendered":"Missions"},"content":{"rendered":"\n<p>Brulabo est une association qui groupe les 19 communes de la <a href=\"http:\/\/be.brussels\" target=\"_blank\" rel=\"noreferrer noopener\">R\u00e9gion Bruxelloise<\/a>.<\/p>\n\n\n\n<p>Brulabo \u00e9tait pr\u00e9c\u00e9demment d\u00e9nomm\u00e9 \u00ab&nbsp;Laboratoire intercommunal bruxellois de chimie et de bact\u00e9riologie&nbsp;\u00bb<\/p>\n\n\n\n<p>Brulabo occupe 20 personnes et dispose d\u2019un service d\u2019inspection, d\u2019un service environnement, d\u2019un laboratoire de microbiologie et d\u2019un laboratoire de chimie.<\/p>\n\n\n\n<p><strong>Les activit\u00e9s &nbsp;de Brulabo<\/strong><\/p>\n\n\n\n<p>Dans le domaine alimentaire&nbsp;:<\/p>\n\n\n\n<ul class=\"wp-block-list\">\n<li>les contr\u00f4les d\u2019hygi\u00e8ne d\u2019\u00e9tablissements du secteur alimentaire sur base des exigences europ\u00e9ennes et nationales; ces contr\u00f4les sont g\u00e9n\u00e9ralement accompagn\u00e9s de pr\u00e9l\u00e8vements pour analyse en laboratoire;<\/li>\n\n\n\n<li>les analyses de repas servis dans les collectivit\u00e9s;<\/li>\n\n\n\n<li>des programmes d\u2019analyses cibl\u00e9s sur certaines denr\u00e9es particuli\u00e8res, de mani\u00e8re \u00e0 en \u00e9valuer la qualit\u00e9 microbiologique et la composition chimique en rapport avec les exigences l\u00e9gales.<\/li>\n<\/ul>\n\n\n\n<p>Dans le domaine de l\u2019eau :<\/p>\n\n\n\n<ul class=\"wp-block-list\">\n<li>les analyses de l\u2019eau (et de l\u2019air) des piscines<\/li>\n\n\n\n<li>les analyses de potabilit\u00e9 : param\u00e8tres bact\u00e9riologiques, plomb et duret\u00e9<\/li>\n\n\n\n<li>les analyses de <em>Legionella<\/em> dans les eaux chaudes sanitaires (douches)<\/li>\n<\/ul>\n\n\n\n<p>Autres&nbsp;:<\/p>\n\n\n\n<p>l\u2019identification de champignons parasites (m\u00e9rule et autres) dans les habitations.<\/p>\n\n\n<div class=\"wp-block-post-date__modified-date wp-block-post-date\"><time datetime=\"2023-11-08T09:08:11+00:00\">08\/11\/2023<\/time><\/div>","protected":false},"excerpt":{"rendered":"<p>Brulabo est une association qui groupe les 19 communes de la R\u00e9gion Bruxelloise. Brulabo \u00e9tait pr\u00e9c\u00e9demment d\u00e9nomm\u00e9 \u00ab&nbsp;Laboratoire intercommunal bruxellois de chimie et de bact\u00e9riologie&nbsp;\u00bb Brulabo occupe 20 personnes et dispose d\u2019un service d\u2019inspection, d\u2019un service environnement, d\u2019un laboratoire de microbiologie et d\u2019un laboratoire de chimie. Les activit\u00e9s &nbsp;de Brulabo Dans le domaine alimentaire&nbsp;: Dans [&hellip;]<\/p>\n","protected":false},"author":1,"featured_media":0,"parent":6,"menu_order":2,"comment_status":"closed","ping_status":"closed","template":"","meta":{"footnotes":""},"class_list":["post-2051","page","type-page","status-publish","hentry"],"_links":{"self":[{"href":"https:\/\/www.brulabo.irisnet.be\/index.php?rest_route=\/wp\/v2\/pages\/2051","targetHints":{"allow":["GET"]}}],"collection":[{"href":"https:\/\/www.brulabo.irisnet.be\/index.php?rest_route=\/wp\/v2\/pages"}],"about":[{"href":"https:\/\/www.brulabo.irisnet.be\/index.php?rest_route=\/wp\/v2\/types\/page"}],"author":[{"embeddable":true,"href":"https:\/\/www.brulabo.irisnet.be\/index.php?rest_route=\/wp\/v2\/users\/1"}],"replies":[{"embeddable":true,"href":"https:\/\/www.brulabo.irisnet.be\/index.php?rest_route=%2Fwp%2Fv2%2Fcomments&post=2051"}],"version-history":[{"count":4,"href":"https:\/\/www.brulabo.irisnet.be\/index.php?rest_route=\/wp\/v2\/pages\/2051\/revisions"}],"predecessor-version":[{"id":2252,"href":"https:\/\/www.brulabo.irisnet.be\/index.php?rest_route=\/wp\/v2\/pages\/2051\/revisions\/2252"}],"up":[{"embeddable":true,"href":"https:\/\/www.brulabo.irisnet.be\/index.php?rest_route=\/wp\/v2\/pages\/6"}],"wp:attachment":[{"href":"https:\/\/www.brulabo.irisnet.be\/index.php?rest_route=%2Fwp%2Fv2%2Fmedia&parent=2051"}],"curies":[{"name":"wp","href":"https:\/\/api.w.org\/{rel}","templated":true}]}}