{"id":27,"date":"2011-11-25T13:44:09","date_gmt":"2011-11-25T13:44:09","guid":{"rendered":"http:\/\/www.brulabo.irisnet.be\/?page_id=27"},"modified":"2023-11-08T10:17:08","modified_gmt":"2023-11-08T10:17:08","slug":"laboratoire-de-microbiologie","status":"publish","type":"page","link":"https:\/\/www.brulabo.irisnet.be\/?page_id=27","title":{"rendered":"Activit\u00e9s"},"content":{"rendered":"<p style=\"text-align: center;\"><span style=\"font-size: 16px;\"><strong>Laboratoire de microbiologie<\/strong><\/span><\/p>\n<p style=\"text-align: justify;\">Le laboratoire de microbiologie est install\u00e9 au rez-de-chauss\u00e9e du b\u00e2timent. Les locaux ont \u00e9t\u00e9 r\u00e9nov\u00e9s r\u00e9cemment afin de satisfaire aux exigences impos\u00e9es par la norme ISO 17025.<\/p>\n<p><a title=\"\" href=\"\/wp-content\/uploads\/2020\/02\/MicrobiologieBoitePetri_1.jpg\" target=\"\" rel=\"noopener noreferrer\"><img loading=\"lazy\" decoding=\"async\" class=\"alignnone size-thumbnail wp-image-112\" title=\"Microbiologie Boite Petri 1\" src=\"\/wp-content\/uploads\/2020\/02\/MicrobiologieBoitePetri_1.jpg\" alt=\"\" width=\"200\" height=\"150\"><\/a><strong><a title=\"\" href=\"\/wp-content\/uploads\/2020\/02\/MicrobiologieBoitePetri_2.jpg\" target=\"\" rel=\"noopener noreferrer\"><img loading=\"lazy\" decoding=\"async\" class=\"alignright size-thumbnail wp-image-113\" title=\"Microbiologie Boite Petri 2\" src=\"\/wp-content\/uploads\/2020\/02\/MicrobiologieBoitePetri_2.jpg\" alt=\"\" width=\"200\" height=\"150\"><\/a><\/strong><\/p>\n<p>&nbsp;<\/p>\n<p>Les analyses r\u00e9alis\u00e9es au laboratoire de microbiologie sont&nbsp;:<\/p>\n<ul style=\"list-style-type: circle;\">\n<li>pour les denr\u00e9es alimentaires&nbsp;:<\/li>\n<\/ul>\n<ul style=\"margin-left: 40px;\">\n<li style=\"text-align: justify;\">Mise en \u00e9vidence de germes pathog\u00e8nes (<em>Salmonella<\/em>, <em>Listeria monocytogenes<\/em>, <em>Staphylococcus aureus<\/em>, <em>Clostridium perfringens<\/em>) ainsi que des germes indicateurs de d\u00e9faut d&rsquo;hygi\u00e8ne (<em>Escherichia coli<\/em>, <em>Bacillus cereus<\/em>, germes ana\u00e9robies sulfito-r\u00e9ducteurs).<\/li>\n<li style=\"text-align: justify;\">D\u00e9nombrement de germes indicateurs qui permettent de juger l&rsquo;\u00e9tat de fra\u00eecheur et\/ou l&rsquo;hygi\u00e8ne g\u00e9n\u00e9rale des denr\u00e9es (germes totaux a\u00e9robies, ent\u00e9robact\u00e9ries, levures, moisissures, bact\u00e9ries lactiques).<\/li>\n<\/ul>\n<ul style=\"list-style-type: circle;\">\n<li>pour les eaux&nbsp;:<\/li>\n<\/ul>\n<ul style=\"margin-left: 40px;\">\n<li style=\"text-align: justify;\">Eaux de piscines&nbsp;: germes totaux 36\u00b0C, ent\u00e9rocoques intestinaux, <em>Pseudomonas aeruginosa<\/em> et staphylocoques \u00e0 coagulase positive<\/li>\n<li style=\"text-align: justify;\">Eaux de douche&nbsp;: d\u00e9nombrement de <em>Legionella pneumophila <\/em><\/li>\n<li style=\"text-align: justify;\">Eaux potables&nbsp;: germes totaux \u00e0 22 et 36\u00b0C, les ent\u00e9rocoques intestinaux, les coliformes, <em>Escherichia coli<\/em>, <em>Pseudomonas aeruginosa<\/em> et les ana\u00e9robies sulfito-r\u00e9ducteurs.<\/li>\n<\/ul>\n<p style=\"text-align: justify;\"><a title=\"\" href=\"\/wp-content\/uploads\/2020\/02\/MicrobiologieTravailBoitePetri.jpg\" target=\"\" rel=\"noopener noreferrer\"><img loading=\"lazy\" decoding=\"async\" class=\"size-thumbnail wp-image-116 alignnone\" title=\"Plan de travail boite petri\" src=\"\/wp-content\/uploads\/2020\/02\/MicrobiologieTravailBoitePetri.jpg\" alt=\"\" width=\"200\" height=\"150\"><\/a><a title=\"\" href=\"\/wp-content\/uploads\/2020\/02\/PlanTravailMicrobiologie.jpg\" target=\"\" rel=\"noopener noreferrer\"><img loading=\"lazy\" decoding=\"async\" class=\"alignright size-thumbnail wp-image-117\" title=\"Plan de travail microbiologie\" src=\"\/wp-content\/uploads\/2020\/02\/PlanTravailMicrobiologie.jpg\" alt=\"\" width=\"200\" height=\"150\"><\/a><\/p>\n<p style=\"text-align: center;\">&nbsp;<\/p>\n<p style=\"text-align: center;\"><span style=\"font-size: 16px;\"><strong>Laboratoire de chimie<\/strong><\/span><\/p>\n<p style=\"text-align: justify;\">Les laboratoires de chimie sont install\u00e9s au 1<sup>er<\/sup> et 2<sup>\u00e8me<\/sup> \u00e9tage du b\u00e2timent. Les locaux ont \u00e9t\u00e9 r\u00e9nov\u00e9s r\u00e9cemment afin de satisfaire aux exigences impos\u00e9es par la norme ISO 17025.<\/p>\n<p style=\"text-align: justify;\">&nbsp;<a title=\"\" href=\"\/wp-content\/uploads\/2020\/02\/TravailChimieVD.jpg\" target=\"\" rel=\"noopener noreferrer\"><img loading=\"lazy\" decoding=\"async\" class=\"alignnone size-medium wp-image-196\" title=\"Travail chimie\" src=\"\/wp-content\/uploads\/2020\/02\/TravailChimieVD_R.jpg\" alt=\"\" width=\"300\" height=\"200\"><\/a><a title=\"\" href=\"\/wp-content\/uploads\/2020\/02\/EquipeServiceChimie.jpg\" target=\"\" rel=\"noopener noreferrer\"><img loading=\"lazy\" decoding=\"async\" class=\"alignright size-medium wp-image-197\" title=\"Brulabo chimistes\" src=\"\/wp-content\/uploads\/2020\/02\/EquipeServiceChimie_R.jpg\" alt=\"\" width=\"300\" height=\"200\"><\/a><\/p>\n<p style=\"text-align: justify;\">Nous disposons d\u2019\u00e9quipements modernes&nbsp;: absorption atomique, chromatographie gazeuse et liquide, titrateur automatique, spectrophotom\u00e8tres, etc.<\/p>\n<p style=\"text-align: justify;\">Les principales analyses r\u00e9alis\u00e9es sont&nbsp;:<\/p>\n<ul style=\"text-align: justify;\">\n<li>analyse de la composition des denr\u00e9es (prot\u00e9ines, mati\u00e8res grasses, sucres,&#8230;) de mani\u00e8re \u00e0 v\u00e9rifier la conformit\u00e9 aux exigences l\u00e9gales ou aux indications de l&rsquo;\u00e9tiquetage.<\/li>\n<li>recherches et dosages des additifs (agents conservateurs, colorants,&#8230;) et des contaminants (m\u00e9taux lourds, &#8230;) en rapport avec les exigences l\u00e9gales.<\/li>\n<li>analyse d&rsquo;indicateurs de fra\u00eecheur ou de d\u00e9gradation (qualit\u00e9 des huiles de friture, fra\u00eecheur du poisson,&#8230;).<\/li>\n<li>analyse des eaux : potabilit\u00e9 des eaux de boisson, param\u00e8tres chimiques de contr\u00f4le des eaux de piscine, analyses d&rsquo;eaux de surface et d&rsquo;eaux us\u00e9es.<\/li>\n<li>analyse des chloramines dans l\u2019air (piscines)<\/li>\n<\/ul>\n\n<div class=\"wp-block-post-date__modified-date wp-block-post-date\"><time datetime=\"2023-11-08T10:17:08+00:00\">08\/11\/2023<\/time><\/div>","protected":false},"excerpt":{"rendered":"<p>Laboratoire de microbiologie Le laboratoire de microbiologie est install\u00e9 au rez-de-chauss\u00e9e du b\u00e2timent. Les locaux ont \u00e9t\u00e9 r\u00e9nov\u00e9s r\u00e9cemment afin de satisfaire aux exigences impos\u00e9es par la norme ISO 17025. &nbsp; Les analyses r\u00e9alis\u00e9es au laboratoire de microbiologie sont&nbsp;: pour les denr\u00e9es alimentaires&nbsp;: Mise en \u00e9vidence de germes pathog\u00e8nes (Salmonella, Listeria monocytogenes, Staphylococcus aureus, Clostridium [&hellip;]<\/p>\n","protected":false},"author":1,"featured_media":0,"parent":0,"menu_order":6,"comment_status":"closed","ping_status":"closed","template":"","meta":{"footnotes":""},"class_list":["post-27","page","type-page","status-publish","hentry"],"_links":{"self":[{"href":"https:\/\/www.brulabo.irisnet.be\/index.php?rest_route=\/wp\/v2\/pages\/27","targetHints":{"allow":["GET"]}}],"collection":[{"href":"https:\/\/www.brulabo.irisnet.be\/index.php?rest_route=\/wp\/v2\/pages"}],"about":[{"href":"https:\/\/www.brulabo.irisnet.be\/index.php?rest_route=\/wp\/v2\/types\/page"}],"author":[{"embeddable":true,"href":"https:\/\/www.brulabo.irisnet.be\/index.php?rest_route=\/wp\/v2\/users\/1"}],"replies":[{"embeddable":true,"href":"https:\/\/www.brulabo.irisnet.be\/index.php?rest_route=%2Fwp%2Fv2%2Fcomments&post=27"}],"version-history":[{"count":4,"href":"https:\/\/www.brulabo.irisnet.be\/index.php?rest_route=\/wp\/v2\/pages\/27\/revisions"}],"predecessor-version":[{"id":2258,"href":"https:\/\/www.brulabo.irisnet.be\/index.php?rest_route=\/wp\/v2\/pages\/27\/revisions\/2258"}],"wp:attachment":[{"href":"https:\/\/www.brulabo.irisnet.be\/index.php?rest_route=%2Fwp%2Fv2%2Fmedia&parent=27"}],"curies":[{"name":"wp","href":"https:\/\/api.w.org\/{rel}","templated":true}]}}