{"id":34,"date":"2011-11-25T13:45:03","date_gmt":"2011-11-25T13:45:03","guid":{"rendered":"http:\/\/www.brulabo.irisnet.be\/?page_id=34"},"modified":"2023-11-08T10:25:39","modified_gmt":"2023-11-08T10:25:39","slug":"laboratoire-de-chimie","status":"publish","type":"page","link":"https:\/\/www.brulabo.irisnet.be\/?page_id=34","title":{"rendered":"Laboratoire de chimie"},"content":{"rendered":"<p style=\"text-align: justify;\">\u00a0<a title=\"\" href=\"\/wp-content\/uploads\/2020\/02\/TravailChimieVD.jpg\" target=\"\" rel=\"noopener noreferrer\"><img loading=\"lazy\" decoding=\"async\" class=\"alignnone size-medium wp-image-196\" title=\"Travail chimie\" src=\"\/wp-content\/uploads\/2020\/02\/TravailChimieVD_R.jpg\" alt=\"\" width=\"300\" height=\"200\" \/><\/a><a title=\"\" href=\"\/wp-content\/uploads\/2020\/02\/EquipeServiceChimie.jpg\" target=\"\" rel=\"noopener noreferrer\"><img loading=\"lazy\" decoding=\"async\" class=\"alignright size-medium wp-image-197\" title=\"Brulabo chimistes\" src=\"\/wp-content\/uploads\/2020\/02\/EquipeServiceChimie_R.jpg\" alt=\"\" width=\"300\" height=\"200\" \/><\/a><\/p>\n<p style=\"text-align: justify;\">Nous disposons d\u2019\u00e9quipements modernes\u00a0: absorption atomique, chromatographie gazeuse et liquide, titrateur automatique, spectrophotom\u00e8tres, etc.<\/p>\n<p style=\"text-align: justify;\">Les principales analyses r\u00e9alis\u00e9es sont\u00a0:<\/p>\n<ul style=\"text-align: justify;\">\n<li>analyse des eaux : param\u00e8tres chimiques de contr\u00f4le des eaux de piscine, analyses d&rsquo;eaux de surface.<\/li>\n<li>analyse des chloramines dans l\u2019air (piscines)<\/li>\n<li>analyse d&rsquo;indicateurs de fra\u00eecheur ou de d\u00e9gradation (qualit\u00e9 des huiles de friture, fra\u00eecheur du poisson,&#8230;).<\/li>\n<li>recherches et dosages des additifs (agents conservateurs, colorants,&#8230;) et des contaminants (m\u00e9taux lourds, &#8230;) en rapport avec les exigences l\u00e9gales.<\/li>\n<\/ul>\n\n<div class=\"wp-block-post-date__modified-date wp-block-post-date\"><time datetime=\"2023-11-08T10:25:39+00:00\">08\/11\/2023<\/time><\/div>","protected":false},"excerpt":{"rendered":"<p>\u00a0 Nous disposons d\u2019\u00e9quipements modernes\u00a0: absorption atomique, chromatographie gazeuse et liquide, titrateur automatique, spectrophotom\u00e8tres, etc. Les principales analyses r\u00e9alis\u00e9es sont\u00a0: analyse des eaux : param\u00e8tres chimiques de contr\u00f4le des eaux de piscine, analyses d&rsquo;eaux de surface. analyse des chloramines dans l\u2019air (piscines) analyse d&rsquo;indicateurs de fra\u00eecheur ou de d\u00e9gradation (qualit\u00e9 des huiles de friture, fra\u00eecheur [&hellip;]<\/p>\n","protected":false},"author":1,"featured_media":0,"parent":27,"menu_order":4,"comment_status":"closed","ping_status":"closed","template":"","meta":{"footnotes":""},"class_list":["post-34","page","type-page","status-publish","hentry"],"_links":{"self":[{"href":"https:\/\/www.brulabo.irisnet.be\/index.php?rest_route=\/wp\/v2\/pages\/34","targetHints":{"allow":["GET"]}}],"collection":[{"href":"https:\/\/www.brulabo.irisnet.be\/index.php?rest_route=\/wp\/v2\/pages"}],"about":[{"href":"https:\/\/www.brulabo.irisnet.be\/index.php?rest_route=\/wp\/v2\/types\/page"}],"author":[{"embeddable":true,"href":"https:\/\/www.brulabo.irisnet.be\/index.php?rest_route=\/wp\/v2\/users\/1"}],"replies":[{"embeddable":true,"href":"https:\/\/www.brulabo.irisnet.be\/index.php?rest_route=%2Fwp%2Fv2%2Fcomments&post=34"}],"version-history":[{"count":4,"href":"https:\/\/www.brulabo.irisnet.be\/index.php?rest_route=\/wp\/v2\/pages\/34\/revisions"}],"predecessor-version":[{"id":2262,"href":"https:\/\/www.brulabo.irisnet.be\/index.php?rest_route=\/wp\/v2\/pages\/34\/revisions\/2262"}],"up":[{"embeddable":true,"href":"https:\/\/www.brulabo.irisnet.be\/index.php?rest_route=\/wp\/v2\/pages\/27"}],"wp:attachment":[{"href":"https:\/\/www.brulabo.irisnet.be\/index.php?rest_route=%2Fwp%2Fv2%2Fmedia&parent=34"}],"curies":[{"name":"wp","href":"https:\/\/api.w.org\/{rel}","templated":true}]}}