{"id":443,"date":"2012-09-25T09:42:36","date_gmt":"2012-09-25T09:42:36","guid":{"rendered":"http:\/\/www.brulabo.irisnet.be\/?page_id=443"},"modified":"2023-01-13T10:15:37","modified_gmt":"2023-01-13T10:15:37","slug":"plomb","status":"publish","type":"page","link":"https:\/\/www.brulabo.irisnet.be\/?page_id=443","title":{"rendered":"Plomb"},"content":{"rendered":"<p><strong>Plomb dans les peintures et autres objets<\/strong><\/p>\n<p style=\"text-align: justify;\">Les peintures contenant de la c\u00e9ruse ou d&rsquo;autres pigments blancs \u00e0 base de plomb sont interdites en Belgique (Arr\u00eat\u00e9 Royal du 05\/11\/1990). Pour les autres peintures et vernis dont la teneur en plomb totale d\u00e9passe 0,15%, l&rsquo;\u00e9tiquetage doit porter les indications suivantes: \u00ab\u00a0attention contient du plomb, ne pas utiliser sur les objets susceptibles d&rsquo;\u00eatre m\u00e2ch\u00e9s ou suc\u00e9s par des enfants\u00a0\u00bb (Directive europ\u00e9enne 1999\/45).<\/p>\n<p style=\"text-align: justify;\">Certains cosm\u00e9tiques d\u2019origine \u00e9trang\u00e8re comme le kh\u00f4l peuvent \u00eatre compos\u00e9 de sulfure de plomb (gal\u00e8ne). Cet emploi est interdit dans les cosm\u00e9tiques (Arr\u00eat\u00e9 Royal 15\/10\/1997). Des r\u00e9cipients tels que des th\u00e9i\u00e8res m\u00e9talliques d\u2019origine \u00e9trang\u00e8re peuvent \u00e9galement contenir du plomb.<\/p>\n<p><strong>Comment y rem\u00e9dier\u00a0?<\/strong><\/p>\n<p style=\"text-align: justify;\">Dans les cas du plomb pr\u00e9sent dans des anciennes peintures ou vernis, on peut, suivant l&rsquo;\u00e9tat de d\u00e9gradation du b\u00e2timent, faire appel \u00e0 une rem\u00e9diation l\u00e9g\u00e8re comme l&rsquo;encapsulage, terme qui regroupe un ensemble de techniques consistant \u00e0 recouvrir les parties du logement contenant les vieilles peintures d\u00e9grad\u00e9es contenant du plomb (placement de panneaux de gyproc, remise en peinture, pl\u00e2trage ou encore tapissage) ou \u00e0 une rem\u00e9diation plus importante (d\u00e9capage m\u00e9canique, thermique ou chimique).\u00a0 Dans ce dernier cas, les travaux devront \u00eatre ex\u00e9cut\u00e9s en prot\u00e9geant de mani\u00e8re efficace le logement et l&rsquo;environnement imm\u00e9diat contre la diss\u00e9mination des poussi\u00e8res et\/ ou des vapeurs de plomb (confinement des locaux et protection des travailleurs par le port de masques).\u00a0 Il est souhaitable d&rsquo;intervenir en m\u00eame temps dans les parties communes, o\u00f9 se trouvent souvent les plus anciennes peintures et qui sont souvent d\u00e9grad\u00e9es.<\/p>\n<p style=\"text-align: justify;\">Si vous d\u00e9capez des anciennes peintures ou vernis, des protections respiratoires sont \u00e0 pr\u00e9voir. Il est d\u00e9conseill\u00e9 de poncer \u00e0 sec des peintures contenant du plomb. Les enfants sont particuli\u00e8rement sensibles aux intoxications par le plomb, \u00e9cartez-les donc du chantier. En cas de doute, apportez au laboratoire un \u00e9chantillon d\u2019\u00e9cailles, de grattures ou \u00e9ventuellement un morceau du support peint ou verni. Si vous grattez vous-m\u00eame une surface pour recueillir des \u00e9cailles de peinture ou de vernis, pensez \u00e0 mesurer la surface grat\u00e9e. En effet, le r\u00e9sultat qui vous sera communiqu\u00e9 sera exprim\u00e9 en mg\/cm<sup>2<\/sup>. Nous nous basons sur l&rsquo;arr\u00eat\u00e9 minist\u00e9riel wallon du 10 juin 2009 d\u00e9terminant les crit\u00e8res minimaux de salubrit\u00e9 d&rsquo;un logement, qui fixe une valeur limite de 1 mg de plomb par cm<sup>2<\/sup>.<\/p>\n<p><strong>Le co\u00fbt de l\u2019analyse du plomb dans les peintures ou autres objets est de 20,00\u00a0\u20ac TVAC par \u00e9chantillon.<\/strong><\/p>\n\n\n<p><\/p>\n","protected":false},"excerpt":{"rendered":"<p>Plomb dans les peintures et autres objets Les peintures contenant de la c\u00e9ruse ou d&rsquo;autres pigments blancs \u00e0 base de plomb sont interdites en Belgique (Arr\u00eat\u00e9 Royal du 05\/11\/1990). Pour les autres peintures et vernis dont la teneur en plomb totale d\u00e9passe 0,15%, l&rsquo;\u00e9tiquetage doit porter les indications suivantes: \u00ab\u00a0attention contient du plomb, ne pas [&hellip;]<\/p>\n","protected":false},"author":1,"featured_media":0,"parent":102,"menu_order":1,"comment_status":"closed","ping_status":"closed","template":"","meta":{"footnotes":""},"class_list":["post-443","page","type-page","status-publish","hentry"],"_links":{"self":[{"href":"https:\/\/www.brulabo.irisnet.be\/index.php?rest_route=\/wp\/v2\/pages\/443","targetHints":{"allow":["GET"]}}],"collection":[{"href":"https:\/\/www.brulabo.irisnet.be\/index.php?rest_route=\/wp\/v2\/pages"}],"about":[{"href":"https:\/\/www.brulabo.irisnet.be\/index.php?rest_route=\/wp\/v2\/types\/page"}],"author":[{"embeddable":true,"href":"https:\/\/www.brulabo.irisnet.be\/index.php?rest_route=\/wp\/v2\/users\/1"}],"replies":[{"embeddable":true,"href":"https:\/\/www.brulabo.irisnet.be\/index.php?rest_route=%2Fwp%2Fv2%2Fcomments&post=443"}],"version-history":[{"count":18,"href":"https:\/\/www.brulabo.irisnet.be\/index.php?rest_route=\/wp\/v2\/pages\/443\/revisions"}],"predecessor-version":[{"id":2114,"href":"https:\/\/www.brulabo.irisnet.be\/index.php?rest_route=\/wp\/v2\/pages\/443\/revisions\/2114"}],"up":[{"embeddable":true,"href":"https:\/\/www.brulabo.irisnet.be\/index.php?rest_route=\/wp\/v2\/pages\/102"}],"wp:attachment":[{"href":"https:\/\/www.brulabo.irisnet.be\/index.php?rest_route=%2Fwp%2Fv2%2Fmedia&parent=443"}],"curies":[{"name":"wp","href":"https:\/\/api.w.org\/{rel}","templated":true}]}}