{"id":480,"date":"2012-09-24T14:22:40","date_gmt":"2012-09-24T14:22:40","guid":{"rendered":"http:\/\/www.brulabo.irisnet.be\/?page_id=480"},"modified":"2023-11-08T10:15:52","modified_gmt":"2023-11-08T10:15:52","slug":"criteres-dinterpretation","status":"publish","type":"page","link":"https:\/\/www.brulabo.irisnet.be\/?page_id=480","title":{"rendered":"Crit\u00e8res d&rsquo;interpr\u00e9tation"},"content":{"rendered":"\n<p>Le tableau ci-dessous reprend les r\u00e9f\u00e9rences des crit\u00e8res d&rsquo;interpr\u00e9tation utilis\u00e9s par Brulabo.<\/p>\n\n\n\n<div data-wp-interactive=\"core\/file\" class=\"wp-block-file\"><object data-wp-bind--hidden=\"!state.hasPdfPreview\" hidden class=\"wp-block-file__embed\" data=\"http:\/\/www.brulabo.irisnet.be\/wp-content\/uploads\/2023\/04\/FOR-Recapitulatif-interpretation-des-resultats-4.pdf\" type=\"application\/pdf\" style=\"width:100%;height:600px\" aria-label=\"Contenu embarqu\u00e9 FOR-Recapitulatif-interpretation-des-resultats-4.\"><\/object><a id=\"wp-block-file--media-c297ef3e-fe4c-4267-8cb4-6e74c94377bb\" href=\"http:\/\/www.brulabo.irisnet.be\/wp-content\/uploads\/2023\/04\/FOR-Recapitulatif-interpretation-des-resultats-4.pdf\">FOR-Recapitulatif-interpretation-des-resultats-4<\/a><a href=\"http:\/\/www.brulabo.irisnet.be\/wp-content\/uploads\/2023\/04\/FOR-Recapitulatif-interpretation-des-resultats-4.pdf\" class=\"wp-block-file__button wp-element-button\" download aria-describedby=\"wp-block-file--media-c297ef3e-fe4c-4267-8cb4-6e74c94377bb\">T\u00e9l\u00e9charger<\/a><\/div>\n\n\n\n<p><strong>(*) Conditions d&rsquo;utilisation &amp; disclaimer<\/strong><\/p>\n\n\n\n<p><em>Le site de Brulabo contient des liens hypertextes vers d&rsquo;autres sites ainsi que des renvois \u00e0 d&rsquo;autres sources d&rsquo;informations, certaines erreurs ont pu \u00e9chapper aux gestionnaires du site. Brulabo ne peut \u00eatre tenue pour responsable desdites erreurs. En cas d&rsquo;indication pr\u00e9cise d&rsquo;une inexactitude, nous vous invitons \u00e0 prendre contact avec le webmaster (<\/em><em><span style=\"font-family: Arial,Helvetica,sans-serif;\">E-mail : info@brulabo.irisnet.be sujet: webmaster &#8211; site Brulabo)<\/span> qui vous informera dans les plus brefs d\u00e9lais de l&rsquo;admissibilit\u00e9 de votre demande.<\/em><\/p>\n\n\n\n<p><em>Les textes l\u00e9gaux sont pr\u00e9sent\u00e9s \u00e0 titre d&rsquo;information; ils ne cr\u00e9ent d\u00e8s lors aucun droit ou obligation autres que ceux qui d\u00e9coulent des textes juridiques l\u00e9galement adopt\u00e9s et publi\u00e9s dans le Moniteur belge.<\/em><\/p>\n\n\n<div class=\"wp-block-post-date__modified-date wp-block-post-date\"><time datetime=\"2023-11-08T10:15:52+00:00\">08\/11\/2023<\/time><\/div>","protected":false},"excerpt":{"rendered":"<p>Le tableau ci-dessous reprend les r\u00e9f\u00e9rences des crit\u00e8res d&rsquo;interpr\u00e9tation utilis\u00e9s par Brulabo. (*) Conditions d&rsquo;utilisation &amp; disclaimer Le site de Brulabo contient des liens hypertextes vers d&rsquo;autres sites ainsi que des renvois \u00e0 d&rsquo;autres sources d&rsquo;informations, certaines erreurs ont pu \u00e9chapper aux gestionnaires du site. Brulabo ne peut \u00eatre tenue pour responsable desdites erreurs. En [&hellip;]<\/p>\n","protected":false},"author":1,"featured_media":0,"parent":963,"menu_order":1,"comment_status":"closed","ping_status":"closed","template":"","meta":{"footnotes":""},"class_list":["post-480","page","type-page","status-publish","hentry"],"_links":{"self":[{"href":"https:\/\/www.brulabo.irisnet.be\/index.php?rest_route=\/wp\/v2\/pages\/480","targetHints":{"allow":["GET"]}}],"collection":[{"href":"https:\/\/www.brulabo.irisnet.be\/index.php?rest_route=\/wp\/v2\/pages"}],"about":[{"href":"https:\/\/www.brulabo.irisnet.be\/index.php?rest_route=\/wp\/v2\/types\/page"}],"author":[{"embeddable":true,"href":"https:\/\/www.brulabo.irisnet.be\/index.php?rest_route=\/wp\/v2\/users\/1"}],"replies":[{"embeddable":true,"href":"https:\/\/www.brulabo.irisnet.be\/index.php?rest_route=%2Fwp%2Fv2%2Fcomments&post=480"}],"version-history":[{"count":5,"href":"https:\/\/www.brulabo.irisnet.be\/index.php?rest_route=\/wp\/v2\/pages\/480\/revisions"}],"predecessor-version":[{"id":2256,"href":"https:\/\/www.brulabo.irisnet.be\/index.php?rest_route=\/wp\/v2\/pages\/480\/revisions\/2256"}],"up":[{"embeddable":true,"href":"https:\/\/www.brulabo.irisnet.be\/index.php?rest_route=\/wp\/v2\/pages\/963"}],"wp:attachment":[{"href":"https:\/\/www.brulabo.irisnet.be\/index.php?rest_route=%2Fwp%2Fv2%2Fmedia&parent=480"}],"curies":[{"name":"wp","href":"https:\/\/api.w.org\/{rel}","templated":true}]}}