{"id":49,"date":"2011-11-25T13:52:19","date_gmt":"2011-11-25T13:52:19","guid":{"rendered":"http:\/\/www.brulabo.irisnet.be\/?page_id=49"},"modified":"2023-11-08T10:18:39","modified_gmt":"2023-11-08T10:18:39","slug":"merule","status":"publish","type":"page","link":"https:\/\/www.brulabo.irisnet.be\/?page_id=49","title":{"rendered":"M\u00e9rule"},"content":{"rendered":"<p align=\"center\"><strong>Parasites du bois (m\u00e9rule et autres)<\/strong><\/p>\n<p align=\"center\">\n<p align=\"center\"><strong><a href=\"#Expertises \">Expertises r\u00e9alis\u00e9es par Brulabo<\/a><\/strong> | <strong><a href=\"#Qu'est-ce\">Qu&rsquo;est ce que la m\u00e9rule?<\/a><\/strong><br \/>\n<strong><a href=\"#Comment\">Comment voir s&rsquo;il y a de la m\u00e9rule?<\/a><\/strong> | <strong><a href=\"#supprimer\">Comment supprimer le champignon?<\/a><\/strong><br \/>\n<strong><a href=\"#Adresses\">Adresses utiles<\/a> | <a href=\"#Liens\">Liens utiles<\/a><\/strong><\/p>\n<p align=\"center\">\n<p>Pour les demandes de contr\u00f4les en mati\u00e8re de m\u00e9rule et autres parasite du bois (entre autre \u00e0 la demande du Fonds du Logement) :<br \/>\n<strong><span style=\"color: #ff0000;\"><span style=\"text-decoration: underline;\">Tel :<\/span> 02 237 08 00<\/span><br \/>\n<span style=\"color: #ff0000;\"><span style=\"text-decoration: underline;\">Mail :<\/span>\u00a0 merule@brulabo.irisnet.be<\/span><br \/>\n<\/strong><\/p>\n<p style=\"text-align: justify;\"><strong><a name=\"Expertises \"><\/a><\/strong><strong>Expertises r\u00e9alis\u00e9es par Brulabo<\/strong><\/p>\n<p style=\"text-align: justify;\">Depuis plus de 30 ans, Brulabo proc\u00e8de \u00e0 des expertises en vue d&rsquo;identifier les champignons parasites du bois, entre autres la m\u00e9rule, ainsi que d&rsquo;autres parasites du bois comme les insectes xylophages.<\/p>\n<p style=\"text-align: justify;\">L&rsquo;expertise peut se faire soit par une visite \u00e0 domicile (Bruxelles et proche banlieue), soit sur base d&rsquo;\u00e9chantillons apport\u00e9s ou envoy\u00e9s au Laboratoire. Pour d&rsquo;autres lieux en Belgique, consulter la <a href=\"#Adresses\">liste d&rsquo;adresses<\/a> ou les <a href=\"#Liens\">liens<\/a> \u00e0 la fin de cette page.<\/p>\n<p style=\"text-align: justify;\"><strong>En aucun cas, Brulabo ne d\u00e9livre un certificat attestant qu\u2019une habitation est indemne de m\u00e9rule. La m\u00e9rule se d\u00e9veloppant essentiellement dans des endroits cach\u00e9s, une telle attestation n\u00e9cessiterait un d\u00e9montage complet des \u00e9l\u00e9ments int\u00e9rieurs de l\u2019habitation. Brulabo proc\u00e8de uniquement \u00e0 l\u2019identification du ph\u00e9nom\u00e8ne suspect pr\u00e9sent\u00e9 \u00e0 l\u2019expert. Si vous souhaitez un travail d\u2019investigation et un diagnostic de la pr\u00e9sence de parasites dans des endroits cach\u00e9s, nous vous invitons \u00e0 prendre contact avec un bureau d\u2019expertise en la mati\u00e8re.<\/strong><\/p>\n<p style=\"text-align: justify;\"><strong><span style=\"color: #ff0000;\">Tarif:<\/span> ( <\/strong><a href=\"http:\/\/www.brulabo.irisnet.be\/wp-content\/uploads\/2021\/06\/FOR-tarif-Champi.pdf\">Tarif PDF<\/a> )<\/p>\n<p style=\"text-align: justify;\"><strong>Qu&rsquo;est-ce que la m\u00e9rule?<\/strong><\/p>\n<p style=\"text-align: justify;\">La m\u00e9rule la plus r\u00e9pandue dans nos maisons mais aussi la plus d\u00e9vastatrice, appel\u00e9e <em>Serpula lacrymans<\/em> se d\u00e9veloppe dans le bois mais peut poursuivre son chemin dans les ma\u00e7onneries.<br \/>\nCe champignon se d\u00e9veloppe \u00e0 partir de spores, graines microscopiques, qui, si elles trouvent un terrain favorable, s&rsquo;\u00e9tendent en \u00e9mettant des filaments dont l&rsquo;ensemble est appel\u00e9 \u00abmyc\u00e9lium\u00bb. Ce myc\u00e9lium est, quand il est frais, blanch\u00e2tre, peut devenir jaun\u00e2tre, beige brun\u00e2tre pour devenir avec le temps gris\u00e2tre \u00e0 reflets argent\u00e9s.<br \/>\nLa fructification du champignon, appel\u00e9e \u00abcarpophore\u00bb se pr\u00e9sente, \u00e0 l&rsquo;\u00e9tat frais, sous forme d&rsquo;une \u00abcr\u00eape\u00bb assez \u00e9paisse brun rouille bord\u00e9e de blanc.<br \/>\nLa m\u00e9rule se nourrit du bois et se propage en le d\u00e9truisant, en lui faisant perdre toute rigidit\u00e9, d&rsquo;o\u00f9 un danger d&rsquo;effondrement si elle s&rsquo;attaque \u00e0 des poutres ou des escaliers o\u00f9 elle provoque une pourriture cubique \u00e0 fractures profondes.<br \/>\nLe champignon doit trouver des conditions id\u00e9ales pour s&rsquo;\u00e9tendre. Il trouvera un terrain favorable dans les locaux obscurs, mal a\u00e9r\u00e9s, humides, o\u00f9 la temp\u00e9rature est r\u00e9guli\u00e8re.<br \/>\nLa m\u00e9rule n&rsquo;arr\u00eatera pas sa progression si le terrain n&rsquo;est plus favorable. Si elle a \u00e9puis\u00e9 toutes les r\u00e9serves de bois, elle peut se propager \u00e0 travers la ma\u00e7onnerie pour s&rsquo;attaquer \u00e0 d&rsquo;autres boiseries m\u00eame s\u00e8ches.<br \/>\nAinsi, une maison mitoyenne saine peut \u00eatre sujette \u00e0 une invasion de m\u00e9rule.<br \/>\nEn outre, si elle ne trouve plus les conditions n\u00e9cessaires \u00e0 sa croissance, elle peut parfois rester \u00e0 l&rsquo;\u00e9tat de latence et pourra recommencer \u00e0 s&rsquo;\u00e9tendre lorsque les conditions seront \u00e0 nouveau pr\u00e9sentes.<br \/>\nDe l\u00e0, la n\u00e9cessit\u00e9 de prendre au s\u00e9rieux une attaque de m\u00e9rule.<\/p>\n<p style=\"text-align: justify;\"><strong><a name=\"Comment\"><\/a>Comment voir s&rsquo;il y a de la m\u00e9rule?<\/strong><\/p>\n<p style=\"text-align: justify;\">Quelques indices doivent attirer votre attention :<\/p>\n<ul style=\"text-align: justify;\">\n<li>d\u00e9formation et bombement des plinthes, du bois de chambranle ou ch\u00e2ssis;<\/li>\n<li>pr\u00e9sence d&rsquo;une source d&rsquo;humidit\u00e9 (fuite d&rsquo;eau, goutti\u00e8re d\u00e9fectueuse, pr\u00e9sence de moisissures);<\/li>\n<li>pr\u00e9sence de filament blancs +\/- \u00e9pais sur de la ma\u00e7onnerie (blanc ouat\u00e9) ou des murs;<br \/>\n(ne pas confondre avec le salp\u00eatre qui tombe en poussi\u00e8re entre les doigts et a une consistance grasse)<\/li>\n<li>cr\u00eape brun rouille bord\u00e9e de blanc (carpophore).<\/li>\n<\/ul>\n<p style=\"text-align: justify;\"><strong><a name=\"supprimer\"><\/a>Comment supprimer le champignon?<\/strong><\/p>\n<ol style=\"text-align: justify;\" start=\"1\">\n<li>En supprimant l&rsquo;humidit\u00e9 responsable de son d\u00e9veloppement.<\/li>\n<li>En favorisant un ass\u00e8chement des mat\u00e9riaux infest\u00e9s.<\/li>\n<li>En traitant la m\u00e9rule.<\/li>\n<\/ol>\n<p style=\"text-align: justify;\"><strong>Traiter la m\u00e9rule<\/strong><\/p>\n<p style=\"text-align: justify;\">Si les d\u00e9g\u00e2ts sont importants, il y a lieu de faire appel \u00e0 une firme sp\u00e9cialis\u00e9e dans le traitement du bois.<\/p>\n<p style=\"text-align: justify;\"><strong>Attention:<\/strong><\/p>\n<ol style=\"text-align: justify;\" start=\"1\">\n<li>Il n&rsquo;existe pas de firmes agr\u00e9\u00e9es; il n&rsquo;y a que des produits agr\u00e9\u00e9s.<\/li>\n<li>Demander plusieurs devis, pour avoir un \u00e9ventail de prix. Le nom des firmes se trouve dans les Pages d&rsquo;or sous la rubrique Protection du bois (5180).<\/li>\n<li>Lors de l&rsquo;\u00e9tablissement du devis, toujours demander le nom des produits utilis\u00e9s ainsi qu&rsquo;un r\u00e9capitulatif des travaux ex\u00e9cut\u00e9s.<\/li>\n<\/ol>\n<p style=\"text-align: justify;\">Si toutefois vous d\u00e9sirez traiter vous-m\u00eame, voici quelques conseils:<\/p>\n<ol style=\"text-align: justify;\" start=\"1\">\n<li>Supprimer les causes d&rsquo;humidit\u00e9 et assurer une ventilation efficace afin d&rsquo;ass\u00e9cher au mieux les mat\u00e9riaux.<\/li>\n<li>D\u00e9terminer l&rsquo;\u00e9tendue du d\u00e9veloppement en mettant \u00e0 nu les ma\u00e7onneries infest\u00e9es<\/li>\n<li>Nettoyer et gratter toutes les parties atteintes et remplacer le bois attaqu\u00e9 par du bois trait\u00e9 ou un autre mat\u00e9riau.<\/li>\n<li>Br\u00fbler briques et ciment au moyen d&rsquo;un chalumeau (style camping-gaz).<\/li>\n<li>Ne pas se contenter de l&rsquo;endroit exact o\u00f9 la m\u00e9rule a \u00e9t\u00e9 d\u00e9tect\u00e9e mais d\u00e9border d&rsquo;au moins 50 cm au del\u00e0 de la zone infest\u00e9e.<\/li>\n<li>Traiter en profondeur les ma\u00e7onneries infest\u00e9es en d\u00e9bordant de 50 cm \u00e0 1 m sur les parties avoisinantes avec un produit sp\u00e9cifique agr\u00e9\u00e9.<\/li>\n<li>Appliquer \u00e9ventuellement un traitement contre l&rsquo;humidit\u00e9.<\/li>\n<\/ol>\n<p style=\"text-align: justify;\"><img decoding=\"async\" style=\"width: 296px; height: 222px;\" title=\"Myc\u00e9lium ouateux et fructification de la m\u00e9rule sur palette en bois.\" src=\"\/wp-content\/uploads\/2020\/02\/Merule1_R.JPG\" alt=\"\" \/><img decoding=\"async\" style=\"width: 296px; height: 222px; float: right;\" title=\"Voile myc\u00e9lien de la m\u00e9rule sur g\u00eete montrant une pourriture cubique et attaqu\u00e9e par la Grande Vrillette.\" src=\"\/wp-content\/uploads\/2020\/02\/Merule2_R.JPG\" alt=\"\" \/><\/p>\n<p style=\"text-align: justify;\">\n<p style=\"text-align: justify;\"><img decoding=\"async\" style=\"width: 296px; height: 222px;\" title=\"D\u00e9veloppement myc\u00e9lien de la m\u00e9rule sur linteau en bois.\" src=\"\/wp-content\/uploads\/2020\/02\/Merule3_R.JPG\" alt=\"\" \/><img decoding=\"async\" id=\"\" style=\"width: 296px; height: 222px; float: right;\" title=\"Cordons myc\u00e9liens de la m\u00e9rule sur ma\u00e7onnerie.\" src=\"\/wp-content\/uploads\/2020\/02\/Merule4_R.JPG\" alt=\"\" \/><\/p>\n<p style=\"text-align: justify;\">\n<p style=\"text-align: justify;\"><a title=\"\" href=\"\/wp-content\/uploads\/2020\/02\/Merule5.JPG\" target=\"\" rel=\"noopener noreferrer\"><img decoding=\"async\" class=\"size-medium wp-image-452 aligncenter alignnone alignnone\" style=\"width: 296px; height: 223px;\" title=\"\tD\u00e9veloppement myc\u00e9lien et fructification de la m\u00e9rule en dessous d'un plancher.\" src=\"\/wp-content\/uploads\/2020\/02\/Merule5.JPG\" alt=\"\" \/><\/a><\/p>\n<p><strong><a name=\"Adresses\"><\/a>Demande de prime \u00e0 la r\u00e9novation<\/strong> (<a href=\"https:\/\/logement.brussels\/documents\/documents-du-cil\/prime-reno\/pub-fr-reno-notice.pdf\" target=\"_blank\" rel=\"noopener noreferrer\">note explicative<\/a>)<\/p>\n<p style=\"text-align: justify;\"><a href=\"https:\/\/logement.brussels\/primes-et-aides\/primes-a-la-renovation\" target=\"_blank\" rel=\"noopener noreferrer\">Primes de r\u00e9novation en r\u00e9gion bruxelloise &#8211; traitement m\u00e9rule (rapport d\u00e9livr\u00e9 par un laboratoire agr\u00e9\u00e9 requis)<\/a><\/p>\n<p style=\"text-align: justify;\">Minist\u00e8re de la R\u00e9gion Bruxelloise<br \/>\nService du logement<br \/>\nRue du Progr\u00e8s 80<br \/>\n1030 Bruxelles<br \/>\nT\u00e9l. : 02 204 21 11 &#8211; 02 204 14 02 (ligne directe)<br \/>\nFax : 02 264 62 33<\/p>\n<p style=\"text-align: justify;\">\n<p style=\"text-align: justify;\"><strong><a name=\"Adresses\"><\/a>Autre laboratoires<\/strong><\/p>\n<table style=\"width: 500px;\" border=\"1\" cellspacing=\"1\" cellpadding=\"1\">\n<tbody>\n<tr>\n<td>Dr Cony Decock<br \/>\nLaboratoire de mycologie &#8211; Mycoth\u00e8que de l&rsquo;UCLouvain<br \/>\nPlace Croix du Sud 2, bte L7.05.06<br \/>\n1348 <strong>Louvain-la-Neuve<\/strong><br \/>\nT\u00e9l. : 010 47 82 59 ou 010 47 37 42 (secr\u00e9tariat)<br \/>\nE-mail : <a href=\"mailto:cony.decock@uclouvain.be\">cony.decock@uclouvain.be<\/a><\/td>\n<td>service public Wallonie<br \/>\nD\u00e9partement de l\u2019Etude du Milieu naturel et agricole (DEMNA)<br \/>\nLaboratoire de Technologie du Bois<br \/>\nAvenue du Mar\u00e9chal Juin 23<br \/>\n5030 <strong>Gembloux<\/strong><br \/>\nT\u00e9l. : 081 62 64 20<br \/>\nFax : 081 61 57 27<br \/>\nE-mail : <a href=\"mailto:Benoit.Jourez@spw.wallonie.be\">Benoit.Jourez@spw.wallonie.be<\/a><\/td>\n<\/tr>\n<tr>\n<td>aCREA &#8211; ULg<br \/>\nM. Olivier Guillette<br \/>\nInstitut de Botanique<br \/>\nSart-Tilman B22<br \/>\n4000 <strong>Li\u00e8ge<\/strong><br \/>\nT\u00e9l. : 04 366 38 68<br \/>\nE-mail : <a href=\"mailto:olivier.guillette@ulg.ac.be\">olivier.guillette@ulg.ac.be<\/a><\/td>\n<td>Province de Hainaut<br \/>\nHainaut Vigilance Sanitaire<br \/>\nBoulevard Sainctelette 55<br \/>\n7000 <strong>Mons<\/strong><br \/>\nT\u00e9l. : 065 40 36 10<br \/>\nFax : 065 34 74 80<br \/>\nE-mail : <a href=\"mailto:hvs.info@hainaut.be\">hvs.info@hainaut.be<\/a><\/td>\n<\/tr>\n<tr>\n<td>Jardin Botanique National de Belgique<br \/>\nDomaine de Bouchout<br \/>\n1860 <strong>Meise<\/strong><br \/>\nT\u00e9l. : 02 269 39 05<\/td>\n<td><\/td>\n<\/tr>\n<\/tbody>\n<\/table>\n<p style=\"text-align: justify;\">\n<p style=\"text-align: justify;\"><strong><a name=\"Liens\"><\/a>Autre liens utiles<\/strong><\/p>\n<p style=\"text-align: justify;\"><a href=\"https:\/\/homegrade.brussels\/\">https:\/\/homegrade.brussels\/<\/a> (suivre les options r\u00e9novation, info-conseils)<\/p>\n<p style=\"text-align: justify;\">Place Quetelet 7<\/p>\n<p style=\"text-align: justify;\">1210 Saint-Josse-Ten-Noode<\/p>\n<p style=\"text-align: justify;\"><a href=\"http:\/\/www.ecoconso.be\/\" target=\"_blank\" rel=\"noopener noreferrer\">Fiche du r\u00e9seau \u00e9coconsommation<\/a><\/p>\n\n<div class=\"wp-block-post-date__modified-date wp-block-post-date\"><time datetime=\"2023-11-08T10:18:39+00:00\">08\/11\/2023<\/time><\/div>","protected":false},"excerpt":{"rendered":"<p>Parasites du bois (m\u00e9rule et autres) Expertises r\u00e9alis\u00e9es par Brulabo | Qu&rsquo;est ce que la m\u00e9rule? Comment voir s&rsquo;il y a de la m\u00e9rule? | Comment supprimer le champignon? Adresses utiles | Liens utiles Pour les demandes de contr\u00f4les en mati\u00e8re de m\u00e9rule et autres parasite du bois (entre autre \u00e0 la demande du Fonds [&hellip;]<\/p>\n","protected":false},"author":1,"featured_media":0,"parent":27,"menu_order":1,"comment_status":"closed","ping_status":"closed","template":"","meta":{"footnotes":""},"class_list":["post-49","page","type-page","status-publish","hentry"],"_links":{"self":[{"href":"https:\/\/www.brulabo.irisnet.be\/index.php?rest_route=\/wp\/v2\/pages\/49","targetHints":{"allow":["GET"]}}],"collection":[{"href":"https:\/\/www.brulabo.irisnet.be\/index.php?rest_route=\/wp\/v2\/pages"}],"about":[{"href":"https:\/\/www.brulabo.irisnet.be\/index.php?rest_route=\/wp\/v2\/types\/page"}],"author":[{"embeddable":true,"href":"https:\/\/www.brulabo.irisnet.be\/index.php?rest_route=\/wp\/v2\/users\/1"}],"replies":[{"embeddable":true,"href":"https:\/\/www.brulabo.irisnet.be\/index.php?rest_route=%2Fwp%2Fv2%2Fcomments&post=49"}],"version-history":[{"count":11,"href":"https:\/\/www.brulabo.irisnet.be\/index.php?rest_route=\/wp\/v2\/pages\/49\/revisions"}],"predecessor-version":[{"id":2259,"href":"https:\/\/www.brulabo.irisnet.be\/index.php?rest_route=\/wp\/v2\/pages\/49\/revisions\/2259"}],"up":[{"embeddable":true,"href":"https:\/\/www.brulabo.irisnet.be\/index.php?rest_route=\/wp\/v2\/pages\/27"}],"wp:attachment":[{"href":"https:\/\/www.brulabo.irisnet.be\/index.php?rest_route=%2Fwp%2Fv2%2Fmedia&parent=49"}],"curies":[{"name":"wp","href":"https:\/\/api.w.org\/{rel}","templated":true}]}}