{"id":6,"date":"2023-01-16T09:48:00","date_gmt":"2023-01-16T09:48:00","guid":{"rendered":"http:\/\/www.brulabo.irisnet.be\/?page_id=2"},"modified":"2026-01-06T10:03:29","modified_gmt":"2026-01-06T10:03:29","slug":"page-d-exemple-2","status":"publish","type":"page","link":"https:\/\/www.brulabo.irisnet.be\/","title":{"rendered":"Qui sommes nous ?"},"content":{"rendered":"\n<p><a href=\"http:\/\/www.brulabo.irisnet.be\/?page_id=54\" data-type=\"page\" data-id=\"54\">Historique<\/a><\/p>\n\n\n\n<p><a href=\"http:\/\/www.brulabo.irisnet.be\/?page_id=2051\" data-type=\"page\" data-id=\"2051\">Missions<\/a><\/p>\n\n\n\n<p><a href=\"http:\/\/www.brulabo.irisnet.be\/?page_id=63\" data-type=\"page\" data-id=\"63\">Communiqu\u00e9 de presse<\/a><\/p>\n\n\n\n<p><a href=\"http:\/\/www.brulabo.irisnet.be\/?page_id=97\" data-type=\"page\" data-id=\"97\">Rapports annuels<\/a><\/p>\n\n\n\n<ul class=\"wp-block-social-links is-layout-flex wp-block-social-links-is-layout-flex\"><li class=\"wp-social-link wp-social-link-linkedin  wp-block-social-link\"><a href=\"https:\/\/www.linkedin.com\/in\/brulabo-laboratoire-intercommunal-657840328\/\" class=\"wp-block-social-link-anchor\"><svg width=\"24\" height=\"24\" viewBox=\"0 0 24 24\" version=\"1.1\" xmlns=\"http:\/\/www.w3.org\/2000\/svg\" aria-hidden=\"true\" focusable=\"false\"><path d=\"M19.7,3H4.3C3.582,3,3,3.582,3,4.3v15.4C3,20.418,3.582,21,4.3,21h15.4c0.718,0,1.3-0.582,1.3-1.3V4.3 C21,3.582,20.418,3,19.7,3z M8.339,18.338H5.667v-8.59h2.672V18.338z M7.004,8.574c-0.857,0-1.549-0.694-1.549-1.548 c0-0.855,0.691-1.548,1.549-1.548c0.854,0,1.547,0.694,1.547,1.548C8.551,7.881,7.858,8.574,7.004,8.574z M18.339,18.338h-2.669 v-4.177c0-0.996-0.017-2.278-1.387-2.278c-1.389,0-1.601,1.086-1.601,2.206v4.249h-2.667v-8.59h2.559v1.174h0.037 c0.356-0.675,1.227-1.387,2.526-1.387c2.703,0,3.203,1.779,3.203,4.092V18.338z\"><\/path><\/svg><span class=\"wp-block-social-link-label screen-reader-text\">LinkedIn<\/span><\/a><\/li><\/ul>\n\n\n\n<p>Derni\u00e8re mise \u00e0 jour <\/p>\n\n\n<div class=\"has-text-align-left wp-block-post-date__modified-date wp-block-post-date\"><time datetime=\"2026-01-06T10:03:29+00:00\">06\/01\/2026<\/time><\/div>","protected":false},"excerpt":{"rendered":"<p>Historique Missions Communiqu\u00e9 de presse Rapports annuels Derni\u00e8re mise \u00e0 jour<\/p>\n","protected":false},"author":1,"featured_media":0,"parent":0,"menu_order":0,"comment_status":"closed","ping_status":"closed","template":"","meta":{"footnotes":""},"class_list":["post-6","page","type-page","status-publish","hentry"],"_links":{"self":[{"href":"https:\/\/www.brulabo.irisnet.be\/index.php?rest_route=\/wp\/v2\/pages\/6","targetHints":{"allow":["GET"]}}],"collection":[{"href":"https:\/\/www.brulabo.irisnet.be\/index.php?rest_route=\/wp\/v2\/pages"}],"about":[{"href":"https:\/\/www.brulabo.irisnet.be\/index.php?rest_route=\/wp\/v2\/types\/page"}],"author":[{"embeddable":true,"href":"https:\/\/www.brulabo.irisnet.be\/index.php?rest_route=\/wp\/v2\/users\/1"}],"replies":[{"embeddable":true,"href":"https:\/\/www.brulabo.irisnet.be\/index.php?rest_route=%2Fwp%2Fv2%2Fcomments&post=6"}],"version-history":[{"count":45,"href":"https:\/\/www.brulabo.irisnet.be\/index.php?rest_route=\/wp\/v2\/pages\/6\/revisions"}],"predecessor-version":[{"id":2483,"href":"https:\/\/www.brulabo.irisnet.be\/index.php?rest_route=\/wp\/v2\/pages\/6\/revisions\/2483"}],"wp:attachment":[{"href":"https:\/\/www.brulabo.irisnet.be\/index.php?rest_route=%2Fwp%2Fv2%2Fmedia&parent=6"}],"curies":[{"name":"wp","href":"https:\/\/api.w.org\/{rel}","templated":true}]}}