{"id":67,"date":"2011-11-25T14:03:09","date_gmt":"2011-11-25T13:03:09","guid":{"rendered":"http:\/\/www.brulabo.irisnet.be\/?page_id=67"},"modified":"2024-03-13T14:11:28","modified_gmt":"2024-03-13T14:11:28","slug":"contact","status":"publish","type":"page","link":"https:\/\/www.brulabo.irisnet.be\/?page_id=67","title":{"rendered":"Contact"},"content":{"rendered":"<p><span style=\"font-family: Arial,Helvetica,sans-serif;\"><a href=\"https:\/\/www.google.be\/maps\/place\/Avenue+du+Maelbeek+3,+1000+Bruxelles\/@50.8378417,4.3803446,17z\/data=!3m1!4b1!4m2!3m1!1s0x47c3c4984068131b:0x4f4e8b7b43bfb7a7\" target=\"_blank\" rel=\"noopener noreferrer\">Avenue du Maelbeek 3<\/a><br \/>1000 Bruxelles<br \/>Tel. : 02\/230.80.01<br \/>Questions g\u00e9n\u00e9rales E-mail : info@brulabo.irisnet.be<br \/>Questions concernant les parasites du bois E-mail : merule@brulabo.irisnet.be <br \/><\/span><\/p>\n<p><span style=\"font-family: arial,helvetica,sans-serif;\">Heures d&rsquo;ouverture (livraison, d\u00e9p\u00f4t d&rsquo;\u00e9chantillons) : 8 h &#8211;\u00a0 16 h<\/span><\/p>\n<p><iframe loading=\"lazy\" style=\"border: 0;\" src=\"https:\/\/www.google.com\/maps\/embed?pb=!1m18!1m12!1m3!1d2118.7536594076814!2d4.378212246785107!3d50.83788872614065!2m3!1f0!2f0!3f0!3m2!1i1024!2i768!4f13.1!3m3!1m2!1s0x47c3c4984068131b%3A0x4b5b8d8a01b49e2e!2sBrulabo!5e0!3m2!1sfr!2sbe!4v1580813563673!5m2!1sfr!2sbe\" width=\"600\" height=\"450\" frameborder=\"0\" allowfullscreen=\"allowfullscreen\"><\/iframe><\/p>\n<p style=\"text-align: right;\">\u00a0<\/p>\n\n<div class=\"wp-block-post-date__modified-date wp-block-post-date\"><time datetime=\"2024-03-13T14:11:28+00:00\">13\/03\/2024<\/time><\/div>","protected":false},"excerpt":{"rendered":"<p>Avenue du Maelbeek 31000 BruxellesTel. : 02\/230.80.01Questions g\u00e9n\u00e9rales E-mail : info@brulabo.irisnet.beQuestions concernant les parasites du bois E-mail : merule@brulabo.irisnet.be Heures d&rsquo;ouverture (livraison, d\u00e9p\u00f4t d&rsquo;\u00e9chantillons) : 8 h &#8211;\u00a0 16 h \u00a0<\/p>\n","protected":false},"author":1,"featured_media":0,"parent":0,"menu_order":8,"comment_status":"closed","ping_status":"closed","template":"","meta":{"footnotes":""},"class_list":["post-67","page","type-page","status-publish","hentry"],"_links":{"self":[{"href":"https:\/\/www.brulabo.irisnet.be\/index.php?rest_route=\/wp\/v2\/pages\/67","targetHints":{"allow":["GET"]}}],"collection":[{"href":"https:\/\/www.brulabo.irisnet.be\/index.php?rest_route=\/wp\/v2\/pages"}],"about":[{"href":"https:\/\/www.brulabo.irisnet.be\/index.php?rest_route=\/wp\/v2\/types\/page"}],"author":[{"embeddable":true,"href":"https:\/\/www.brulabo.irisnet.be\/index.php?rest_route=\/wp\/v2\/users\/1"}],"replies":[{"embeddable":true,"href":"https:\/\/www.brulabo.irisnet.be\/index.php?rest_route=%2Fwp%2Fv2%2Fcomments&post=67"}],"version-history":[{"count":7,"href":"https:\/\/www.brulabo.irisnet.be\/index.php?rest_route=\/wp\/v2\/pages\/67\/revisions"}],"predecessor-version":[{"id":2285,"href":"https:\/\/www.brulabo.irisnet.be\/index.php?rest_route=\/wp\/v2\/pages\/67\/revisions\/2285"}],"wp:attachment":[{"href":"https:\/\/www.brulabo.irisnet.be\/index.php?rest_route=%2Fwp%2Fv2%2Fmedia&parent=67"}],"curies":[{"name":"wp","href":"https:\/\/api.w.org\/{rel}","templated":true}]}}