{"id":779,"date":"2019-06-18T15:11:48","date_gmt":"2019-06-18T15:11:48","guid":{"rendered":"http:\/\/www.brulabo.irisnet.be\/?page_id=779"},"modified":"2025-02-19T10:18:04","modified_gmt":"2025-02-19T10:18:04","slug":"accreditation-belac","status":"publish","type":"page","link":"https:\/\/www.brulabo.irisnet.be\/?page_id=779","title":{"rendered":"Accreditation BELAC"},"content":{"rendered":"<p>Depuis 2018, BRULABO dispose pour le service de pr\u00e9l\u00e8vement et les laboratoires de chimie et de bact\u00e9riologie d\u2019une accr\u00e9ditation selon la norme ISO 17025 (certificat<a href=\"http:\/\/www.brulabo.irisnet.be\/wp-content\/uploads\/2025\/02\/348-TEST-16-F-N.pdf\" target=\"_blank\" rel=\"noopener\"><strong> Scope BELAC TEST<\/strong><\/a> <img loading=\"lazy\" decoding=\"async\" class=\"alignright wp-image-1802\" src=\"http:\/\/www.brulabo.irisnet.be\/wp-content\/uploads\/2021\/06\/BELAC-ISO.png\" alt=\"\" width=\"100\" height=\"130\" \/>).<\/p>\n<p>Les activit\u00e9s accr\u00e9dit\u00e9es sont:<\/p>\n<ul>\n<li>pr\u00e9l\u00e8vement d&rsquo;\u00e9chantillons et les analyses chimique et bact\u00e9riologique de l&rsquo;eau et de l\u2019air des piscines<\/li>\n<li>pr\u00e9l\u00e8vement d&rsquo;\u00e9chantillons et le d\u00e9nombrement de Legionella pneumophila dans l&rsquo;eau<\/li>\n<li>pr\u00e9l\u00e8vement d&rsquo;\u00e9chantillons, la recherche sur place et le dosage au laboratoire du sulfite dans la viande<\/li>\n<li>l&rsquo;analyse bact\u00e9riologique des denr\u00e9es alimentaires<\/li>\n<li>le dosage du sel dans les denr\u00e9es alimentaires<\/li>\n<li>les analyses de potabilit\u00e9 de l&rsquo;eau<\/li>\n<\/ul>\n<p>Depuis 2015 Brulabo dispose \u00e9galement d\u2019une accr\u00e9ditation selon la norme ISO 17020 pour les contr\u00f4les des collectivit\u00e9s et le secteur de la distribution (B to C) (certificat <a href=\"http:\/\/www.brulabo.irisnet.be\/wp-content\/uploads\/2025\/02\/348-INSP-8-F.pdf\" target=\"_blank\" rel=\"noopener\"><strong> Scope BELAC INSP<\/strong><\/a> ).<img loading=\"lazy\" decoding=\"async\" class=\"alignright wp-image-1781\" src=\"http:\/\/www.brulabo.irisnet.be\/wp-content\/uploads\/2021\/05\/logo-BelacINS_ISO.png\" alt=\"\" width=\"100\" height=\"143\" \/><\/p>\n\n<div class=\"wp-block-post-date__modified-date wp-block-post-date\"><time datetime=\"2025-02-19T10:18:04+00:00\">19\/02\/2025<\/time><\/div>","protected":false},"excerpt":{"rendered":"<p>Depuis 2018, BRULABO dispose pour le service de pr\u00e9l\u00e8vement et les laboratoires de chimie et de bact\u00e9riologie d\u2019une accr\u00e9ditation selon la norme ISO 17025 (certificat Scope BELAC TEST ). Les activit\u00e9s accr\u00e9dit\u00e9es sont: pr\u00e9l\u00e8vement d&rsquo;\u00e9chantillons et les analyses chimique et bact\u00e9riologique de l&rsquo;eau et de l\u2019air des piscines pr\u00e9l\u00e8vement d&rsquo;\u00e9chantillons et le d\u00e9nombrement de Legionella [&hellip;]<\/p>\n","protected":false},"author":1,"featured_media":0,"parent":963,"menu_order":7,"comment_status":"closed","ping_status":"closed","template":"","meta":{"footnotes":""},"class_list":["post-779","page","type-page","status-publish","hentry"],"_links":{"self":[{"href":"https:\/\/www.brulabo.irisnet.be\/index.php?rest_route=\/wp\/v2\/pages\/779","targetHints":{"allow":["GET"]}}],"collection":[{"href":"https:\/\/www.brulabo.irisnet.be\/index.php?rest_route=\/wp\/v2\/pages"}],"about":[{"href":"https:\/\/www.brulabo.irisnet.be\/index.php?rest_route=\/wp\/v2\/types\/page"}],"author":[{"embeddable":true,"href":"https:\/\/www.brulabo.irisnet.be\/index.php?rest_route=\/wp\/v2\/users\/1"}],"replies":[{"embeddable":true,"href":"https:\/\/www.brulabo.irisnet.be\/index.php?rest_route=%2Fwp%2Fv2%2Fcomments&post=779"}],"version-history":[{"count":24,"href":"https:\/\/www.brulabo.irisnet.be\/index.php?rest_route=\/wp\/v2\/pages\/779\/revisions"}],"predecessor-version":[{"id":2382,"href":"https:\/\/www.brulabo.irisnet.be\/index.php?rest_route=\/wp\/v2\/pages\/779\/revisions\/2382"}],"up":[{"embeddable":true,"href":"https:\/\/www.brulabo.irisnet.be\/index.php?rest_route=\/wp\/v2\/pages\/963"}],"wp:attachment":[{"href":"https:\/\/www.brulabo.irisnet.be\/index.php?rest_route=%2Fwp%2Fv2%2Fmedia&parent=779"}],"curies":[{"name":"wp","href":"https:\/\/api.w.org\/{rel}","templated":true}]}}